{"id":2026,"date":"2023-08-25T20:29:27","date_gmt":"2023-08-25T20:29:27","guid":{"rendered":"https:\/\/redatm.com.do\/?page_id=2026"},"modified":"2023-09-06T04:51:12","modified_gmt":"2023-09-06T04:51:12","slug":"tarifario","status":"publish","type":"page","link":"https:\/\/redatm.com.do\/en\/tarifario\/","title":{"rendered":"Tarifario"},"content":{"rendered":"<div data-elementor-type=\"wp-page\" data-elementor-id=\"2026\" class=\"elementor elementor-2026\" data-elementor-post-type=\"page\">\n\t\t\t\t\t\t<section class=\"elementor-section elementor-top-section elementor-element elementor-element-4d7414d elementor-section-height-min-height elementor-section-items-stretch elementor-section-boxed elementor-section-height-default\" data-id=\"4d7414d\" data-element_type=\"section\" data-e-type=\"section\" data-settings=\"{&quot;background_background&quot;:&quot;classic&quot;}\">\n\t\t\t\t\t\t\t<div class=\"elementor-background-overlay\"><\/div>\n\t\t\t\t\t\t\t<div class=\"elementor-container elementor-column-gap-default\">\n\t\t\t\t\t<div class=\"elementor-column elementor-col-100 elementor-top-column elementor-element elementor-element-b59855d\" data-id=\"b59855d\" data-element_type=\"column\" data-e-type=\"column\">\n\t\t\t<div class=\"elementor-widget-wrap\">\n\t\t\t\t\t\t\t<\/div>\n\t\t<\/div>\n\t\t\t\t\t<\/div>\n\t\t<\/section>\n\t\t\t\t<section class=\"elementor-section elementor-top-section elementor-element elementor-element-836d1a7 elementor-section-boxed elementor-section-height-default elementor-section-height-default\" data-id=\"836d1a7\" data-element_type=\"section\" data-e-type=\"section\">\n\t\t\t\t\t\t<div class=\"elementor-container elementor-column-gap-default\">\n\t\t\t\t\t<div class=\"elementor-column elementor-col-100 elementor-top-column elementor-element elementor-element-f00c75d\" data-id=\"f00c75d\" data-element_type=\"column\" data-e-type=\"column\">\n\t\t\t<div class=\"elementor-widget-wrap elementor-element-populated\">\n\t\t\t\t\t\t<div class=\"elementor-element elementor-element-c8bbf21 elementor-widget elementor-widget-heading\" data-id=\"c8bbf21\" data-element_type=\"widget\" data-e-type=\"widget\" data-widget_type=\"heading.default\">\n\t\t\t\t\t<h2 class=\"elementor-heading-title elementor-size-default\">Tarifario por uso de la <span style=\"color: #f05d23\">RED ATM TRIINET<\/span><\/h2>\t\t\t\t<\/div>\n\t\t\t\t<div class=\"elementor-element elementor-element-55cb10d elementor-widget elementor-widget-heading\" data-id=\"55cb10d\" data-element_type=\"widget\" data-e-type=\"widget\" data-widget_type=\"heading.default\">\n\t\t\t\t\t<h6 class=\"elementor-heading-title elementor-size-default\">Desde el 12 de marzo del 2021<\/h6>\t\t\t\t<\/div>\n\t\t\t\t<div class=\"elementor-element elementor-element-e0b8e03 elementor-widget elementor-widget-heading\" data-id=\"e0b8e03\" data-element_type=\"widget\" data-e-type=\"widget\" data-widget_type=\"heading.default\">\n\t\t\t\t\t<h4 class=\"elementor-heading-title elementor-size-default\">Tarjetas d\u00e9bito y\/o cr\u00e9dito LOCAL cargos  al usuario<\/h4>\t\t\t\t<\/div>\n\t\t\t\t<div class=\"elementor-element elementor-element-89d26c8 elementor-widget elementor-widget-html\" data-id=\"89d26c8\" data-element_type=\"widget\" data-e-type=\"widget\" data-widget_type=\"html.default\">\n\t\t\t\t\t<table id=\"theTable\" style=\"width: 100%; display: table; height: 100%;\" dir=\"auto\" data-paging=\"false\" data-cascade=\"true\" data-filter-min=\"3\" data-paging-size=\"5\" data-useparentwidth=\"true\" data-filter-container=\"#filterBox\" data-filter-connectors=\"false\" data-use-parent-width=\"false\" data-sorting=\"false\" data-filtering=\"false\" data-filter-filters=\"[]\" data-filter-placeholder=\"Buscar\" data-filter-position=\"right\" data-show-header=\"true\" ng-class=\"{'empty-table':isEmptyTable}\" class=\"footable table outerBorder footable-1 breakpoint-small\"><thead><tr class=\"footable-header\"><th class=\"wixColumns footable-first-visible\" style=\"display: table-cell;\">Tipo de Transacci\u00f3n<\/th><th class=\"wixColumns\" style=\"display: table-cell;\">Tipo de Tarjeta<\/th><th class=\"wixColumns\" style=\"display: table-cell;\">Hasta<\/th><th class=\"wixColumns\" style=\"display: table-cell;\">VISA<\/th><th class=\"wixColumns footable-last-visible\" style=\"display: table-cell;\">MASTERCARD<\/th><\/tr><\/thead><tbody><tr class=\"footableEven\"><td class=\"wixColumns footable-first-visible\" style=\"display: table-cell;\">Retiro efectivo&nbsp;<\/td><td class=\"wixColumns\" style=\"display: table-cell;\">D\u00e9bito y prepago&nbsp;<\/td><td class=\"wixColumns\" style=\"display: table-cell;\">De RD$1.00 hasta RD$5,000.00&nbsp;<\/td><td class=\"wixColumns\" style=\"display: table-cell;\">Libre de cargos &nbsp;<\/td><td class=\"wixColumns footable-last-visible\" style=\"display: table-cell;\">RD$70.00&nbsp;<\/td><\/tr><tr class=\"footableOdd\"><td class=\"wixColumns footable-first-visible\" style=\"display: table-cell;\">Retiro efectivo&nbsp;<\/td><td class=\"wixColumns\" style=\"display: table-cell;\">D\u00e9bito y prepago&nbsp;<\/td><td class=\"wixColumns\" style=\"display: table-cell;\">De RD$5,001.00 hasta RD$10,000.00&nbsp;<\/td><td class=\"wixColumns\" style=\"display: table-cell;\">Libre de cargos &nbsp;<\/td><td class=\"wixColumns footable-last-visible\" style=\"display: table-cell;\">RD$70.00+ 2% &nbsp;<\/td><\/tr><tr class=\"footableEven\"><td class=\"wixColumns footable-first-visible\" style=\"display: table-cell;\">Retiro\/Avance efectivo&nbsp;<\/td><td class=\"wixColumns\" style=\"display: table-cell;\">Cr\u00e9dito&nbsp;<\/td><td class=\"wixColumns\" style=\"display: table-cell;\">De RD$1.00 hasta RD$5,000.00&nbsp;<\/td><td class=\"wixColumns\" style=\"display: table-cell;\">Libre de cargos &nbsp;<\/td><td class=\"wixColumns footable-last-visible\" style=\"display: table-cell;\">RD$200.00&nbsp;<\/td><\/tr><tr class=\"footableOdd\"><td class=\"wixColumns footable-first-visible\" style=\"display: table-cell;\">Retiro\/Avance efectivo&nbsp;<\/td><td class=\"wixColumns\" style=\"display: table-cell;\">Cr\u00e9dito&nbsp;<\/td><td class=\"wixColumns\" style=\"display: table-cell;\">De RD$5,001.00 hasta RD$10,000.00&nbsp;<\/td><td class=\"wixColumns\" style=\"display: table-cell;\">Libre de cargos &nbsp;<\/td><td class=\"wixColumns footable-last-visible\" style=\"display: table-cell;\">RD$200.00 + 2%&nbsp;<\/td><\/tr><tr class=\"footableEven\"><td class=\"wixColumns footable-first-visible\" style=\"display: table-cell;\">Consulta Balance&nbsp;<\/td><td class=\"wixColumns\" style=\"display: table-cell;\">&nbsp;<\/td><td class=\"wixColumns\" style=\"display: table-cell;\">&nbsp;<\/td><td class=\"wixColumns\" style=\"display: table-cell;\">Libre de cargos &nbsp;<\/td><td class=\"wixColumns footable-last-visible\" style=\"display: table-cell;\">Libre de cargos&nbsp;<\/td><\/tr><\/tbody><\/table>\t\t\t\t<\/div>\n\t\t\t\t<div class=\"elementor-element elementor-element-11f82b8 elementor-widget elementor-widget-heading\" data-id=\"11f82b8\" data-element_type=\"widget\" data-e-type=\"widget\" data-widget_type=\"heading.default\">\n\t\t\t\t\t<h4 class=\"elementor-heading-title elementor-size-default\">\nTarjetas d\u00e9bito y\/o cr\u00e9dito Internacional<\/h4>\t\t\t\t<\/div>\n\t\t\t\t<div class=\"elementor-element elementor-element-b1634b9 elementor-widget elementor-widget-html\" data-id=\"b1634b9\" data-element_type=\"widget\" data-e-type=\"widget\" data-widget_type=\"html.default\">\n\t\t\t\t\t<table id=\"theTable\" style=\"width: 100%; display: table; height: 100%;\" dir=\"auto\" data-paging=\"false\" data-cascade=\"true\" data-filter-min=\"3\" data-paging-size=\"5\" data-useparentwidth=\"true\" data-filter-container=\"#filterBox\" data-filter-connectors=\"false\" data-use-parent-width=\"false\" data-sorting=\"false\" data-filtering=\"false\" data-filter-filters=\"[]\" data-filter-placeholder=\"Buscar\" data-filter-position=\"right\" data-show-header=\"true\" ng-class=\"{'empty-table':isEmptyTable}\" class=\"footable table outerBorder footable-1 breakpoint-small\"><thead><tr class=\"footable-header\"><th class=\"wixColumns footable-first-visible\" style=\"display: table-cell;\">Tipo de Transacci\u00f3n<\/th><th class=\"wixColumns\" style=\"display: table-cell;\">Tipo de Tarjeta<\/th><th class=\"wixColumns\" style=\"display: table-cell;\">Hasta<\/th><th class=\"wixColumns\" style=\"display: table-cell;\">VISA<\/th><th class=\"wixColumns footable-last-visible\" style=\"display: table-cell;\">MASTERCARD<\/th><\/tr><\/thead><tbody><tr class=\"footableEven\"><td class=\"wixColumns footable-first-visible\" style=\"display: table-cell;\">Retiro efectivo&nbsp;<\/td><td class=\"wixColumns\" style=\"display: table-cell;\">D\u00e9bito, cr\u00e9dito, prepago&nbsp;<\/td><td class=\"wixColumns\" style=\"display: table-cell;\">De RD$1.00 hasta RD$5,000.00&nbsp;<\/td><td class=\"wixColumns\" style=\"display: table-cell;\">RD$255.00 &nbsp;<\/td><td class=\"wixColumns footable-last-visible\" style=\"display: table-cell;\">RD$255.00&nbsp;<\/td><\/tr><tr class=\"footableOdd\"><td class=\"wixColumns footable-first-visible\" style=\"display: table-cell;\">Retiro efectivo&nbsp;<\/td><td class=\"wixColumns\" style=\"display: table-cell;\">D\u00e9bito, cr\u00e9dito, prepago&nbsp;<\/td><td class=\"wixColumns\" style=\"display: table-cell;\">De RD$5,001.00 hasta RD$20,000.00&nbsp;<\/td><td class=\"wixColumns\" style=\"display: table-cell;\">RD$255.00+ 6% &nbsp;<\/td><td class=\"wixColumns footable-last-visible\" style=\"display: table-cell;\">RD$255.00+ 6%&nbsp;<\/td><\/tr><tr class=\"footableEven\"><td class=\"wixColumns footable-first-visible\" style=\"display: table-cell;\">Consulta Balance&nbsp;<\/td><td class=\"wixColumns\" style=\"display: table-cell;\">D\u00e9bito, cr\u00e9dito, prepago&nbsp;<\/td><td class=\"wixColumns\" style=\"display: table-cell;\">&nbsp;<\/td><td class=\"wixColumns\" style=\"display: table-cell;\">Libre de cargos &nbsp;<\/td><td class=\"wixColumns footable-last-visible\" style=\"display: table-cell;\">Libre de cargos&nbsp;<\/td><\/tr><\/tbody><\/table>\t\t\t\t<\/div>\n\t\t\t\t\t<\/div>\n\t\t<\/div>\n\t\t\t\t\t<\/div>\n\t\t<\/section>\n\t\t\t\t<\/div>","protected":false},"excerpt":{"rendered":"<p>Tarifario por uso de la RED ATM TRIINET Desde el 12 de marzo del 2021 Tarjetas d\u00e9bito y\/o cr\u00e9dito LOCAL cargos al usuario Tipo de Transacci\u00f3n Tipo de Tarjeta Hasta VISA MASTERCARD Retiro efectivo&nbsp; D\u00e9bito y prepago&nbsp; De RD$1.00 hasta RD$5,000.00&nbsp; Libre de cargos &nbsp; RD$70.00&nbsp; Retiro efectivo&nbsp; D\u00e9bito y prepago&nbsp; De RD$5,001.00 hasta RD$10,000.00&nbsp; [&hellip;]<\/p>\n","protected":false},"author":3,"featured_media":0,"parent":0,"menu_order":0,"comment_status":"closed","ping_status":"closed","template":"","meta":{"site-sidebar-layout":"no-sidebar","site-content-layout":"page-builder","ast-site-content-layout":"","site-content-style":"default","site-sidebar-style":"default","ast-global-header-display":"","ast-banner-title-visibility":"","ast-main-header-display":"","ast-hfb-above-header-display":"","ast-hfb-below-header-display":"","ast-hfb-mobile-header-display":"","site-post-title":"disabled","ast-breadcrumbs-content":"","ast-featured-img":"disabled","footer-sml-layout":"","theme-transparent-header-meta":"","adv-header-id-meta":"","stick-header-meta":"","header-above-stick-meta":"","header-main-stick-meta":"","header-below-stick-meta":"","astra-migrate-meta-layouts":"default","ast-page-background-enabled":"default","ast-page-background-meta":{"desktop":{"background-color":"var(--ast-global-color-4)","background-image":"","background-repeat":"repeat","background-position":"center center","background-size":"auto","background-attachment":"scroll","background-type":"","background-media":"","overlay-type":"","overlay-color":"","overlay-opacity":"","overlay-gradient":""},"tablet":{"background-color":"","background-image":"","background-repeat":"repeat","background-position":"center center","background-size":"auto","background-attachment":"scroll","background-type":"","background-media":"","overlay-type":"","overlay-color":"","overlay-opacity":"","overlay-gradient":""},"mobile":{"background-color":"","background-image":"","background-repeat":"repeat","background-position":"center center","background-size":"auto","background-attachment":"scroll","background-type":"","background-media":"","overlay-type":"","overlay-color":"","overlay-opacity":"","overlay-gradient":""}},"ast-content-background-meta":{"desktop":{"background-color":"var(--ast-global-color-5)","background-image":"","background-repeat":"repeat","background-position":"center center","background-size":"auto","background-attachment":"scroll","background-type":"","background-media":"","overlay-type":"","overlay-color":"","overlay-opacity":"","overlay-gradient":""},"tablet":{"background-color":"var(--ast-global-color-5)","background-image":"","background-repeat":"repeat","background-position":"center center","background-size":"auto","background-attachment":"scroll","background-type":"","background-media":"","overlay-type":"","overlay-color":"","overlay-opacity":"","overlay-gradient":""},"mobile":{"background-color":"var(--ast-global-color-5)","background-image":"","background-repeat":"repeat","background-position":"center center","background-size":"auto","background-attachment":"scroll","background-type":"","background-media":"","overlay-type":"","overlay-color":"","overlay-opacity":"","overlay-gradient":""}},"footnotes":""},"class_list":["post-2026","page","type-page","status-publish","hentry"],"yoast_head":"<!-- This site is optimized with the Yoast SEO plugin v26.8 - https:\/\/yoast.com\/product\/yoast-seo-wordpress\/ -->\n<title>Tarifario - RED ATM TRIINET<\/title>\n<meta name=\"robots\" content=\"index, follow, max-snippet:-1, max-image-preview:large, max-video-preview:-1\" \/>\n<link rel=\"canonical\" href=\"https:\/\/redatm.com.do\/en\/tarifario\/\" \/>\n<meta property=\"og:locale\" content=\"en_US\" \/>\n<meta property=\"og:type\" content=\"article\" \/>\n<meta property=\"og:title\" content=\"Tarifario - RED ATM TRIINET\" \/>\n<meta property=\"og:description\" content=\"Tarifario por uso de la RED ATM TRIINET Desde el 12 de marzo del 2021 Tarjetas d\u00e9bito y\/o cr\u00e9dito LOCAL cargos al usuario Tipo de Transacci\u00f3n Tipo de Tarjeta Hasta VISA MASTERCARD Retiro efectivo&nbsp; D\u00e9bito y prepago&nbsp; De RD$1.00 hasta RD$5,000.00&nbsp; Libre de cargos &nbsp; RD$70.00&nbsp; Retiro efectivo&nbsp; D\u00e9bito y prepago&nbsp; De RD$5,001.00 hasta RD$10,000.00&nbsp; [&hellip;]\" \/>\n<meta property=\"og:url\" content=\"https:\/\/redatm.com.do\/en\/tarifario\/\" \/>\n<meta property=\"og:site_name\" content=\"RED ATM TRIINET\" \/>\n<meta property=\"article:modified_time\" content=\"2023-09-06T04:51:12+00:00\" \/>\n<meta name=\"twitter:card\" content=\"summary_large_image\" \/>\n<meta name=\"twitter:label1\" content=\"Est. reading time\" \/>\n\t<meta name=\"twitter:data1\" content=\"1 minute\" \/>\n<script type=\"application\/ld+json\" class=\"yoast-schema-graph\">{\"@context\":\"https:\/\/schema.org\",\"@graph\":[{\"@type\":\"WebPage\",\"@id\":\"https:\/\/redatm.com.do\/tarifario\/\",\"url\":\"https:\/\/redatm.com.do\/tarifario\/\",\"name\":\"Tarifario - RED ATM TRIINET\",\"isPartOf\":{\"@id\":\"https:\/\/redatm.com.do\/#website\"},\"datePublished\":\"2023-08-25T20:29:27+00:00\",\"dateModified\":\"2023-09-06T04:51:12+00:00\",\"breadcrumb\":{\"@id\":\"https:\/\/redatm.com.do\/tarifario\/#breadcrumb\"},\"inLanguage\":\"en-US\",\"potentialAction\":[{\"@type\":\"ReadAction\",\"target\":[\"https:\/\/redatm.com.do\/tarifario\/\"]}]},{\"@type\":\"BreadcrumbList\",\"@id\":\"https:\/\/redatm.com.do\/tarifario\/#breadcrumb\",\"itemListElement\":[{\"@type\":\"ListItem\",\"position\":1,\"name\":\"Home\",\"item\":\"https:\/\/redatm.com.do\/\"},{\"@type\":\"ListItem\",\"position\":2,\"name\":\"Tarifario\"}]},{\"@type\":\"WebSite\",\"@id\":\"https:\/\/redatm.com.do\/#website\",\"url\":\"https:\/\/redatm.com.do\/\",\"name\":\"RED ATM TRIINET\",\"description\":\"Red de Cajeros Autom\u00e1ticos Independientes\",\"publisher\":{\"@id\":\"https:\/\/redatm.com.do\/#organization\"},\"potentialAction\":[{\"@type\":\"SearchAction\",\"target\":{\"@type\":\"EntryPoint\",\"urlTemplate\":\"https:\/\/redatm.com.do\/?s={search_term_string}\"},\"query-input\":{\"@type\":\"PropertyValueSpecification\",\"valueRequired\":true,\"valueName\":\"search_term_string\"}}],\"inLanguage\":\"en-US\"},{\"@type\":\"Organization\",\"@id\":\"https:\/\/redatm.com.do\/#organization\",\"name\":\"RED ATM TRIINET\",\"url\":\"https:\/\/redatm.com.do\/\",\"logo\":{\"@type\":\"ImageObject\",\"inLanguage\":\"en-US\",\"@id\":\"https:\/\/redatm.com.do\/#\/schema\/logo\/image\/\",\"url\":\"https:\/\/redatm.com.do\/wp-content\/uploads\/2023\/04\/Group-30.png\",\"contentUrl\":\"https:\/\/redatm.com.do\/wp-content\/uploads\/2023\/04\/Group-30.png\",\"width\":226,\"height\":90,\"caption\":\"RED ATM TRIINET\"},\"image\":{\"@id\":\"https:\/\/redatm.com.do\/#\/schema\/logo\/image\/\"}}]}<\/script>\n<!-- \/ Yoast SEO plugin. -->","yoast_head_json":{"title":"Tarifario - RED ATM TRIINET","robots":{"index":"index","follow":"follow","max-snippet":"max-snippet:-1","max-image-preview":"max-image-preview:large","max-video-preview":"max-video-preview:-1"},"canonical":"https:\/\/redatm.com.do\/en\/tarifario\/","og_locale":"en_US","og_type":"article","og_title":"Tarifario - RED ATM TRIINET","og_description":"Tarifario por uso de la RED ATM TRIINET Desde el 12 de marzo del 2021 Tarjetas d\u00e9bito y\/o cr\u00e9dito LOCAL cargos al usuario Tipo de Transacci\u00f3n Tipo de Tarjeta Hasta VISA MASTERCARD Retiro efectivo&nbsp; D\u00e9bito y prepago&nbsp; De RD$1.00 hasta RD$5,000.00&nbsp; Libre de cargos &nbsp; RD$70.00&nbsp; Retiro efectivo&nbsp; D\u00e9bito y prepago&nbsp; De RD$5,001.00 hasta RD$10,000.00&nbsp; [&hellip;]","og_url":"https:\/\/redatm.com.do\/en\/tarifario\/","og_site_name":"RED ATM TRIINET","article_modified_time":"2023-09-06T04:51:12+00:00","twitter_card":"summary_large_image","twitter_misc":{"Est. reading time":"1 minute"},"schema":{"@context":"https:\/\/schema.org","@graph":[{"@type":"WebPage","@id":"https:\/\/redatm.com.do\/tarifario\/","url":"https:\/\/redatm.com.do\/tarifario\/","name":"Tarifario - RED ATM TRIINET","isPartOf":{"@id":"https:\/\/redatm.com.do\/#website"},"datePublished":"2023-08-25T20:29:27+00:00","dateModified":"2023-09-06T04:51:12+00:00","breadcrumb":{"@id":"https:\/\/redatm.com.do\/tarifario\/#breadcrumb"},"inLanguage":"en-US","potentialAction":[{"@type":"ReadAction","target":["https:\/\/redatm.com.do\/tarifario\/"]}]},{"@type":"BreadcrumbList","@id":"https:\/\/redatm.com.do\/tarifario\/#breadcrumb","itemListElement":[{"@type":"ListItem","position":1,"name":"Home","item":"https:\/\/redatm.com.do\/"},{"@type":"ListItem","position":2,"name":"Tarifario"}]},{"@type":"WebSite","@id":"https:\/\/redatm.com.do\/#website","url":"https:\/\/redatm.com.do\/","name":"RED ATM TRIINET","description":"Red de Cajeros Autom\u00e1ticos Independientes","publisher":{"@id":"https:\/\/redatm.com.do\/#organization"},"potentialAction":[{"@type":"SearchAction","target":{"@type":"EntryPoint","urlTemplate":"https:\/\/redatm.com.do\/?s={search_term_string}"},"query-input":{"@type":"PropertyValueSpecification","valueRequired":true,"valueName":"search_term_string"}}],"inLanguage":"en-US"},{"@type":"Organization","@id":"https:\/\/redatm.com.do\/#organization","name":"RED ATM TRIINET","url":"https:\/\/redatm.com.do\/","logo":{"@type":"ImageObject","inLanguage":"en-US","@id":"https:\/\/redatm.com.do\/#\/schema\/logo\/image\/","url":"https:\/\/redatm.com.do\/wp-content\/uploads\/2023\/04\/Group-30.png","contentUrl":"https:\/\/redatm.com.do\/wp-content\/uploads\/2023\/04\/Group-30.png","width":226,"height":90,"caption":"RED ATM TRIINET"},"image":{"@id":"https:\/\/redatm.com.do\/#\/schema\/logo\/image\/"}}]}},"_links":{"self":[{"href":"https:\/\/redatm.com.do\/en\/wp-json\/wp\/v2\/pages\/2026","targetHints":{"allow":["GET"]}}],"collection":[{"href":"https:\/\/redatm.com.do\/en\/wp-json\/wp\/v2\/pages"}],"about":[{"href":"https:\/\/redatm.com.do\/en\/wp-json\/wp\/v2\/types\/page"}],"author":[{"embeddable":true,"href":"https:\/\/redatm.com.do\/en\/wp-json\/wp\/v2\/users\/3"}],"replies":[{"embeddable":true,"href":"https:\/\/redatm.com.do\/en\/wp-json\/wp\/v2\/comments?post=2026"}],"version-history":[{"count":55,"href":"https:\/\/redatm.com.do\/en\/wp-json\/wp\/v2\/pages\/2026\/revisions"}],"predecessor-version":[{"id":2288,"href":"https:\/\/redatm.com.do\/en\/wp-json\/wp\/v2\/pages\/2026\/revisions\/2288"}],"wp:attachment":[{"href":"https:\/\/redatm.com.do\/en\/wp-json\/wp\/v2\/media?parent=2026"}],"curies":[{"name":"wp","href":"https:\/\/api.w.org\/{rel}","templated":true}]}}