{"id":887,"date":"2023-06-14T18:02:03","date_gmt":"2023-06-14T18:02:03","guid":{"rendered":"https:\/\/redatm.com.do\/?page_id=887"},"modified":"2025-02-11T16:35:04","modified_gmt":"2025-02-11T16:35:04","slug":"politicas-de-cookies","status":"publish","type":"page","link":"https:\/\/redatm.com.do\/en\/politicas-de-cookies\/","title":{"rendered":"Pol\u00edticas de Cookies"},"content":{"rendered":"<p><strong>Pol\u00edtica de Cookies<\/strong><\/p>\n\n\n\n<p><strong>1. Introducci\u00f3n<\/strong> Esta Pol\u00edtica de Cookies explica qu\u00e9 son las cookies, c\u00f3mo las utilizamos en nuestro sitio web y c\u00f3mo puedes gestionarlas. Al acceder y utilizar nuestro sitio web, aceptas el uso de cookies de acuerdo con esta pol\u00edtica.<\/p>\n\n\n\n<p><strong>2. \u00bfQu\u00e9 son las cookies?<\/strong> Las cookies son peque\u00f1os archivos de texto que se almacenan en tu dispositivo cuando visitas un sitio web. Estas permiten que el sitio recuerde informaci\u00f3n sobre tu visita, lo que puede facilitar tu navegaci\u00f3n y mejorar tu experiencia de usuario.<\/p>\n\n\n\n<p><strong>3. Tipos de cookies que utilizamos<\/strong> Nuestro sitio web utiliza los siguientes tipos de cookies:<\/p>\n\n\n\n<ul class=\"wp-block-list\">\n<li><strong>Cookies esenciales:<\/strong> Necesarias para el funcionamiento del sitio web. Sin estas cookies, algunas funciones no estar\u00edan disponibles.<\/li>\n\n\n\n<li><strong>Cookies de an\u00e1lisis y rendimiento:<\/strong> Nos ayudan a entender c\u00f3mo los visitantes interact\u00faan con el sitio web, permiti\u00e9ndonos mejorar su rendimiento.<\/li>\n\n\n\n<li><strong>Cookies de funcionalidad:<\/strong> Permiten recordar tus preferencias y personalizar la experiencia en nuestro sitio web.<\/li>\n\n\n\n<li><strong>Cookies publicitarias:<\/strong> Utilizadas para mostrar anuncios relevantes para ti, en funci\u00f3n de tus intereses.<\/li>\n<\/ul>\n\n\n\n<p><strong>4. Gesti\u00f3n de cookies<\/strong> Puedes gestionar tus preferencias de cookies a trav\u00e9s de la configuraci\u00f3n de tu navegador. La mayor\u00eda de los navegadores te permiten bloquear o eliminar cookies. Sin embargo, si deshabilitas algunas cookies esenciales, es posible que ciertas funciones del sitio web no est\u00e9n disponibles.<\/p>\n\n\n\n<p><strong>5. Cambios en la Pol\u00edtica de Cookies<\/strong> Podemos actualizar esta Pol\u00edtica de Cookies en cualquier momento. Cualquier cambio ser\u00e1 publicado en esta p\u00e1gina con una nueva fecha de actualizaci\u00f3n.<\/p>\n\n\n\n<p><strong>6. Contacto<\/strong> Si tienes preguntas sobre nuestra Pol\u00edtica de Cookies, puedes contactarnos a trav\u00e9s de nuestro formulario de contacto en el sitio web.<\/p>","protected":false},"excerpt":{"rendered":"<p>Pol\u00edtica de Cookies 1. Introducci\u00f3n Esta Pol\u00edtica de Cookies explica qu\u00e9 son las cookies, c\u00f3mo las utilizamos en nuestro sitio web y c\u00f3mo puedes gestionarlas. Al acceder y utilizar nuestro sitio web, aceptas el uso de cookies de acuerdo con esta pol\u00edtica. 2. \u00bfQu\u00e9 son las cookies? Las cookies son peque\u00f1os archivos de texto que [&hellip;]<\/p>\n","protected":false},"author":3,"featured_media":0,"parent":0,"menu_order":0,"comment_status":"closed","ping_status":"closed","template":"","meta":{"site-sidebar-layout":"default","site-content-layout":"","ast-site-content-layout":"default","site-content-style":"default","site-sidebar-style":"default","ast-global-header-display":"","ast-banner-title-visibility":"","ast-main-header-display":"","ast-hfb-above-header-display":"","ast-hfb-below-header-display":"","ast-hfb-mobile-header-display":"","site-post-title":"","ast-breadcrumbs-content":"","ast-featured-img":"","footer-sml-layout":"","theme-transparent-header-meta":"","adv-header-id-meta":"","stick-header-meta":"","header-above-stick-meta":"","header-main-stick-meta":"","header-below-stick-meta":"","astra-migrate-meta-layouts":"set","ast-page-background-enabled":"default","ast-page-background-meta":{"desktop":{"background-color":"var(--ast-global-color-4)","background-image":"","background-repeat":"repeat","background-position":"center center","background-size":"auto","background-attachment":"scroll","background-type":"","background-media":"","overlay-type":"","overlay-color":"","overlay-opacity":"","overlay-gradient":""},"tablet":{"background-color":"","background-image":"","background-repeat":"repeat","background-position":"center center","background-size":"auto","background-attachment":"scroll","background-type":"","background-media":"","overlay-type":"","overlay-color":"","overlay-opacity":"","overlay-gradient":""},"mobile":{"background-color":"","background-image":"","background-repeat":"repeat","background-position":"center center","background-size":"auto","background-attachment":"scroll","background-type":"","background-media":"","overlay-type":"","overlay-color":"","overlay-opacity":"","overlay-gradient":""}},"ast-content-background-meta":{"desktop":{"background-color":"var(--ast-global-color-5)","background-image":"","background-repeat":"repeat","background-position":"center center","background-size":"auto","background-attachment":"scroll","background-type":"","background-media":"","overlay-type":"","overlay-color":"","overlay-opacity":"","overlay-gradient":""},"tablet":{"background-color":"var(--ast-global-color-5)","background-image":"","background-repeat":"repeat","background-position":"center center","background-size":"auto","background-attachment":"scroll","background-type":"","background-media":"","overlay-type":"","overlay-color":"","overlay-opacity":"","overlay-gradient":""},"mobile":{"background-color":"var(--ast-global-color-5)","background-image":"","background-repeat":"repeat","background-position":"center center","background-size":"auto","background-attachment":"scroll","background-type":"","background-media":"","overlay-type":"","overlay-color":"","overlay-opacity":"","overlay-gradient":""}},"footnotes":""},"class_list":["post-887","page","type-page","status-publish","hentry"],"yoast_head":"<!-- This site is optimized with the Yoast SEO plugin v26.8 - https:\/\/yoast.com\/product\/yoast-seo-wordpress\/ -->\n<title>Pol\u00edticas de Cookies - RED ATM TRIINET<\/title>\n<meta name=\"robots\" content=\"index, follow, max-snippet:-1, max-image-preview:large, max-video-preview:-1\" \/>\n<link rel=\"canonical\" href=\"https:\/\/redatm.com.do\/en\/politicas-de-cookies\/\" \/>\n<meta property=\"og:locale\" content=\"en_US\" \/>\n<meta property=\"og:type\" content=\"article\" \/>\n<meta property=\"og:title\" content=\"Pol\u00edticas de Cookies - RED ATM TRIINET\" \/>\n<meta property=\"og:description\" content=\"Pol\u00edtica de Cookies 1. Introducci\u00f3n Esta Pol\u00edtica de Cookies explica qu\u00e9 son las cookies, c\u00f3mo las utilizamos en nuestro sitio web y c\u00f3mo puedes gestionarlas. Al acceder y utilizar nuestro sitio web, aceptas el uso de cookies de acuerdo con esta pol\u00edtica. 2. \u00bfQu\u00e9 son las cookies? Las cookies son peque\u00f1os archivos de texto que [&hellip;]\" \/>\n<meta property=\"og:url\" content=\"https:\/\/redatm.com.do\/en\/politicas-de-cookies\/\" \/>\n<meta property=\"og:site_name\" content=\"RED ATM TRIINET\" \/>\n<meta property=\"article:modified_time\" content=\"2025-02-11T16:35:04+00:00\" \/>\n<meta name=\"twitter:card\" content=\"summary_large_image\" \/>\n<meta name=\"twitter:label1\" content=\"Est. reading time\" \/>\n\t<meta name=\"twitter:data1\" content=\"2 minutes\" \/>\n<script type=\"application\/ld+json\" class=\"yoast-schema-graph\">{\"@context\":\"https:\/\/schema.org\",\"@graph\":[{\"@type\":\"WebPage\",\"@id\":\"https:\/\/redatm.com.do\/politicas-de-cookies\/\",\"url\":\"https:\/\/redatm.com.do\/politicas-de-cookies\/\",\"name\":\"Pol\u00edticas de Cookies - RED ATM TRIINET\",\"isPartOf\":{\"@id\":\"https:\/\/redatm.com.do\/#website\"},\"datePublished\":\"2023-06-14T18:02:03+00:00\",\"dateModified\":\"2025-02-11T16:35:04+00:00\",\"breadcrumb\":{\"@id\":\"https:\/\/redatm.com.do\/politicas-de-cookies\/#breadcrumb\"},\"inLanguage\":\"en-US\",\"potentialAction\":[{\"@type\":\"ReadAction\",\"target\":[\"https:\/\/redatm.com.do\/politicas-de-cookies\/\"]}]},{\"@type\":\"BreadcrumbList\",\"@id\":\"https:\/\/redatm.com.do\/politicas-de-cookies\/#breadcrumb\",\"itemListElement\":[{\"@type\":\"ListItem\",\"position\":1,\"name\":\"Home\",\"item\":\"https:\/\/redatm.com.do\/\"},{\"@type\":\"ListItem\",\"position\":2,\"name\":\"Pol\u00edticas de Cookies\"}]},{\"@type\":\"WebSite\",\"@id\":\"https:\/\/redatm.com.do\/#website\",\"url\":\"https:\/\/redatm.com.do\/\",\"name\":\"RED ATM TRIINET\",\"description\":\"Red de Cajeros Autom\u00e1ticos Independientes\",\"publisher\":{\"@id\":\"https:\/\/redatm.com.do\/#organization\"},\"potentialAction\":[{\"@type\":\"SearchAction\",\"target\":{\"@type\":\"EntryPoint\",\"urlTemplate\":\"https:\/\/redatm.com.do\/?s={search_term_string}\"},\"query-input\":{\"@type\":\"PropertyValueSpecification\",\"valueRequired\":true,\"valueName\":\"search_term_string\"}}],\"inLanguage\":\"en-US\"},{\"@type\":\"Organization\",\"@id\":\"https:\/\/redatm.com.do\/#organization\",\"name\":\"RED ATM TRIINET\",\"url\":\"https:\/\/redatm.com.do\/\",\"logo\":{\"@type\":\"ImageObject\",\"inLanguage\":\"en-US\",\"@id\":\"https:\/\/redatm.com.do\/#\/schema\/logo\/image\/\",\"url\":\"https:\/\/redatm.com.do\/wp-content\/uploads\/2023\/04\/Group-30.png\",\"contentUrl\":\"https:\/\/redatm.com.do\/wp-content\/uploads\/2023\/04\/Group-30.png\",\"width\":226,\"height\":90,\"caption\":\"RED ATM TRIINET\"},\"image\":{\"@id\":\"https:\/\/redatm.com.do\/#\/schema\/logo\/image\/\"}}]}<\/script>\n<!-- \/ Yoast SEO plugin. -->","yoast_head_json":{"title":"Pol\u00edticas de Cookies - RED ATM TRIINET","robots":{"index":"index","follow":"follow","max-snippet":"max-snippet:-1","max-image-preview":"max-image-preview:large","max-video-preview":"max-video-preview:-1"},"canonical":"https:\/\/redatm.com.do\/en\/politicas-de-cookies\/","og_locale":"en_US","og_type":"article","og_title":"Pol\u00edticas de Cookies - RED ATM TRIINET","og_description":"Pol\u00edtica de Cookies 1. Introducci\u00f3n Esta Pol\u00edtica de Cookies explica qu\u00e9 son las cookies, c\u00f3mo las utilizamos en nuestro sitio web y c\u00f3mo puedes gestionarlas. Al acceder y utilizar nuestro sitio web, aceptas el uso de cookies de acuerdo con esta pol\u00edtica. 2. \u00bfQu\u00e9 son las cookies? Las cookies son peque\u00f1os archivos de texto que [&hellip;]","og_url":"https:\/\/redatm.com.do\/en\/politicas-de-cookies\/","og_site_name":"RED ATM TRIINET","article_modified_time":"2025-02-11T16:35:04+00:00","twitter_card":"summary_large_image","twitter_misc":{"Est. reading time":"2 minutes"},"schema":{"@context":"https:\/\/schema.org","@graph":[{"@type":"WebPage","@id":"https:\/\/redatm.com.do\/politicas-de-cookies\/","url":"https:\/\/redatm.com.do\/politicas-de-cookies\/","name":"Pol\u00edticas de Cookies - RED ATM TRIINET","isPartOf":{"@id":"https:\/\/redatm.com.do\/#website"},"datePublished":"2023-06-14T18:02:03+00:00","dateModified":"2025-02-11T16:35:04+00:00","breadcrumb":{"@id":"https:\/\/redatm.com.do\/politicas-de-cookies\/#breadcrumb"},"inLanguage":"en-US","potentialAction":[{"@type":"ReadAction","target":["https:\/\/redatm.com.do\/politicas-de-cookies\/"]}]},{"@type":"BreadcrumbList","@id":"https:\/\/redatm.com.do\/politicas-de-cookies\/#breadcrumb","itemListElement":[{"@type":"ListItem","position":1,"name":"Home","item":"https:\/\/redatm.com.do\/"},{"@type":"ListItem","position":2,"name":"Pol\u00edticas de Cookies"}]},{"@type":"WebSite","@id":"https:\/\/redatm.com.do\/#website","url":"https:\/\/redatm.com.do\/","name":"RED ATM TRIINET","description":"Red de Cajeros Autom\u00e1ticos Independientes","publisher":{"@id":"https:\/\/redatm.com.do\/#organization"},"potentialAction":[{"@type":"SearchAction","target":{"@type":"EntryPoint","urlTemplate":"https:\/\/redatm.com.do\/?s={search_term_string}"},"query-input":{"@type":"PropertyValueSpecification","valueRequired":true,"valueName":"search_term_string"}}],"inLanguage":"en-US"},{"@type":"Organization","@id":"https:\/\/redatm.com.do\/#organization","name":"RED ATM TRIINET","url":"https:\/\/redatm.com.do\/","logo":{"@type":"ImageObject","inLanguage":"en-US","@id":"https:\/\/redatm.com.do\/#\/schema\/logo\/image\/","url":"https:\/\/redatm.com.do\/wp-content\/uploads\/2023\/04\/Group-30.png","contentUrl":"https:\/\/redatm.com.do\/wp-content\/uploads\/2023\/04\/Group-30.png","width":226,"height":90,"caption":"RED ATM TRIINET"},"image":{"@id":"https:\/\/redatm.com.do\/#\/schema\/logo\/image\/"}}]}},"_links":{"self":[{"href":"https:\/\/redatm.com.do\/en\/wp-json\/wp\/v2\/pages\/887","targetHints":{"allow":["GET"]}}],"collection":[{"href":"https:\/\/redatm.com.do\/en\/wp-json\/wp\/v2\/pages"}],"about":[{"href":"https:\/\/redatm.com.do\/en\/wp-json\/wp\/v2\/types\/page"}],"author":[{"embeddable":true,"href":"https:\/\/redatm.com.do\/en\/wp-json\/wp\/v2\/users\/3"}],"replies":[{"embeddable":true,"href":"https:\/\/redatm.com.do\/en\/wp-json\/wp\/v2\/comments?post=887"}],"version-history":[{"count":3,"href":"https:\/\/redatm.com.do\/en\/wp-json\/wp\/v2\/pages\/887\/revisions"}],"predecessor-version":[{"id":2767,"href":"https:\/\/redatm.com.do\/en\/wp-json\/wp\/v2\/pages\/887\/revisions\/2767"}],"wp:attachment":[{"href":"https:\/\/redatm.com.do\/en\/wp-json\/wp\/v2\/media?parent=887"}],"curies":[{"name":"wp","href":"https:\/\/api.w.org\/{rel}","templated":true}]}}